{"id":462,"date":"2019-09-23T12:24:08","date_gmt":"2019-09-23T12:24:08","guid":{"rendered":"http:\/\/maaloevbylaug.dk\/?page_id=462"},"modified":"2026-03-09T18:11:56","modified_gmt":"2026-03-09T18:11:56","slug":"kalender","status":"publish","type":"page","link":"https:\/\/maaloevbylaug.dk\/","title":{"rendered":"Kalender"},"content":{"rendered":"<h1>2026:<\/h1>\n<h1>\u00c5rsm\u00f8de<\/h1>\n<p><em>Torsdag d. 26. marts kl. 19.30\u00a0<\/em><br \/>I Hovedhuset p\u00e5 Brydeg\u00e5rden, Kratvej 9, 2760 M\u00e5l\u00f8v<\/p>\n<p>Se dagsorden for m\u00f8det <a href=\"https:\/\/maaloevbylaug.dk\/?page_id=282\" target=\"_blank\" rel=\"noopener\">her<\/a><\/p>\n\n\n<h1>Store affaldsdag <\/h1>\n\n\n\n<p><em>S\u00f8ndag d. 19. april 2026 kl. 10<\/em><\/p>\n\n\n\n<p>M\u00f8dested: Brydeg\u00e5rd, Kratvej 9<br>Giv et par timer af din tid og hj\u00e6lp med at holde M\u00e5l\u00f8v ren.<\/p>\n\n\n\n<h1>M\u00e5l\u00f8v M\u00f8des<\/h1>\n\n\n\n<p><em>En l\u00f8rdag i juni fra kl 10<\/em><\/p>\n\n\n\n<h1>Sankt Hans<\/h1>\n\n\n\n<p><em>Tirsdag d. 23. juni 2026<br><\/em>i M\u00e5l\u00f8v Bypark<\/p>\n\n\n\n<h1>Halloween i M\u00e5l\u00f8v<\/h1>\n\n\n\n<p><em>Fredag d. 30. oktober 202<\/em>6<\/p>\n\n\n\n<h1>Jul i M\u00e5l\u00f8v<\/h1>\n\n\n\n<p><em>L\u00f8rdag d. 5. december 2026 <\/em><\/p>\n\n\n\n<p>Kulturtorvet (foran Kulturhus M\u00e5l\u00f8v)<\/p>\n","protected":false},"excerpt":{"rendered":"<p>2026: \u00c5rsm\u00f8de Torsdag d. 26. marts kl. 19.30\u00a0I Hovedhuset p\u00e5 Brydeg\u00e5rden, Kratvej 9, 2760 M\u00e5l\u00f8v Se dagsorden for m\u00f8det her Store affaldsdag S\u00f8ndag d. 19. april 2026 kl. 10 M\u00f8dested: Brydeg\u00e5rd, Kratvej 9Giv et par timer af din tid og hj\u00e6lp med at holde M\u00e5l\u00f8v ren. M\u00e5l\u00f8v M\u00f8des En l\u00f8rdag i juni fra kl 10 &hellip; <\/p>\n<p class=\"link-more\"><a href=\"https:\/\/maaloevbylaug.dk\/\" class=\"more-link\">L\u00e6s videre<span class=\"screen-reader-text\"> &#8220;Kalender&#8221;<\/span><\/a><\/p>\n","protected":false},"author":1,"featured_media":0,"parent":0,"menu_order":0,"comment_status":"closed","ping_status":"closed","template":"","meta":[],"_links":{"self":[{"href":"https:\/\/maaloevbylaug.dk\/index.php?rest_route=\/wp\/v2\/pages\/462"}],"collection":[{"href":"https:\/\/maaloevbylaug.dk\/index.php?rest_route=\/wp\/v2\/pages"}],"about":[{"href":"https:\/\/maaloevbylaug.dk\/index.php?rest_route=\/wp\/v2\/types\/page"}],"author":[{"embeddable":true,"href":"https:\/\/maaloevbylaug.dk\/index.php?rest_route=\/wp\/v2\/users\/1"}],"replies":[{"embeddable":true,"href":"https:\/\/maaloevbylaug.dk\/index.php?rest_route=%2Fwp%2Fv2%2Fcomments&post=462"}],"version-history":[{"count":76,"href":"https:\/\/maaloevbylaug.dk\/index.php?rest_route=\/wp\/v2\/pages\/462\/revisions"}],"predecessor-version":[{"id":974,"href":"https:\/\/maaloevbylaug.dk\/index.php?rest_route=\/wp\/v2\/pages\/462\/revisions\/974"}],"wp:attachment":[{"href":"https:\/\/maaloevbylaug.dk\/index.php?rest_route=%2Fwp%2Fv2%2Fmedia&parent=462"}],"curies":[{"name":"wp","href":"https:\/\/api.w.org\/{rel}","templated":true}]}}